{"id":20162,"date":"2025-09-25T10:21:25","date_gmt":"2025-09-25T14:21:25","guid":{"rendered":"https:\/\/cp-internal.joeyai.app\/media\/"},"modified":"2026-03-26T09:57:27","modified_gmt":"2026-03-26T13:57:27","slug":"medias","status":"publish","type":"page","link":"https:\/\/cp-internal.joeyai.app\/fr\/medias\/","title":{"rendered":"M\u00e9dias"},"content":{"rendered":"<div class=\"wp-bootstrap-blocks-container container mb-2 page-wrapper first\">\n\t\n\n<h1 class=\"wp-block-heading title-header\">M\u00e9dias<\/h1>\n\n\n\n<ul class=\"wp-block-list page-links\">\n<li class=\"\"><a href=\"#company\">Entreprise<\/a><\/li>\n\n\n\n<li class=\"\"><a data-type=\"page\" data-id=\"36\" href=\"#properties\">Propri\u00e9t\u00e9s<\/a><\/li>\n\n\n\n<li class=\"\"><a href=\"#esg\" data-type=\"page\" data-id=\"246\">ESG<\/a><\/li>\n<\/ul>\n\n\n\n<h2 class=\"wp-block-heading pt-5 mt-md-2 has-medium-font-size\" id=\"company\">Entreprise<\/h2>\n\n\n\n<div class=\"mt-3\">\n\n  \n<div class=\"development-listing mt-2\">\n\n \n    <div class=\"row g-4 leadership-team  mt-1 alt-development\">\n        \n         \n        <div class=\"col-12 col-md-4 item \">\n            <a href=\"https:\/\/cp-internal.joeyai.app\/fr\/choice-coventry-hills-devient-le-premier-batiment-de-commerce-de-detail-au-canada-a-obtenir-la-certification-zero-carbone-du-cbdca\/\">\n                <div class=\"team-img\" style=\"background-image:url(https:\/\/cp-internal.joeyai.app\/wp-content\/uploads\/2026\/01\/Choice-Coventry-Hills-Property-media-thumb.webp)\"><\/div>\n                <div class=\"team-name team-title\">Choice Coventry Hills devient le premier b\u00e2timent de commerce de d\u00e9tail au Canada \u00e0 obtenir la certification Z\u00e9ro carbone du CBDCa.<\/div>\n                <div class=\"team-position\"><strong><\/strong><\/div>\n                <div class=\"desc\"><\/div>\n            <\/a>\n\n            <div class=\"wp-block-button alt mt-3 \">\n                <a class=\"wp-block-button__link wp-element-button\" href=\"https:\/\/cp-internal.joeyai.app\/fr\/choice-coventry-hills-devient-le-premier-batiment-de-commerce-de-detail-au-canada-a-obtenir-la-certification-zero-carbone-du-cbdca\/\">Lire la suite<\/a>\n            <\/div>\n        <\/div>\n\n    \n        <div class=\"col-12 col-md-4 item \">\n            <a href=\"https:\/\/cp-internal.joeyai.app\/fr\/proprietes-de-choix-a-ete-nomme-lun-des-meilleurs-employeurs-de-la-rgt-pour-la-quatrieme-annee-consecutive\/\">\n                <div class=\"team-img\" style=\"background-image:url(https:\/\/cp-internal.joeyai.app\/wp-content\/uploads\/2026\/01\/gta-top-employer-thumb-1.webp)\"><\/div>\n                <div class=\"team-name team-title\">Propri\u00e9t\u00e9s de Choix a \u00e9t\u00e9 nomm\u00e9 l\u2019un des meilleurs employeurs de la RGT pour la quatri\u00e8me ann\u00e9e cons\u00e9cutive<\/div>\n                <div class=\"team-position\"><strong><\/strong><\/div>\n                <div class=\"desc\"><\/div>\n            <\/a>\n\n            <div class=\"wp-block-button alt mt-3 \">\n                <a class=\"wp-block-button__link wp-element-button\" href=\"https:\/\/cp-internal.joeyai.app\/fr\/proprietes-de-choix-a-ete-nomme-lun-des-meilleurs-employeurs-de-la-rgt-pour-la-quatrieme-annee-consecutive\/\">Lire la suite<\/a>\n            <\/div>\n        <\/div>\n\n        <\/div>\n<\/div>\n\n\n\n<script>\n    $(function(){\n\n     \n    })\n<\/script>\n    \n<\/div>\n\n\n\n<h2 class=\"wp-block-heading pt-5 mt-md-2 has-medium-font-size\" id=\"properties\">Propri\u00e9t\u00e9s<\/h2>\n\n\n\n<div class=\"mt-3\">\n\n  \n<div class=\"development-listing mt-2\">\n\n \n    <div class=\"row g-4 leadership-team  mt-1 alt-development\">\n        \n         \n        <div class=\"col-12 col-md-4 item \">\n            <a href=\"https:\/\/cp-internal.joeyai.app\/fr\/choice-coventry-hills-devient-le-premier-batiment-de-commerce-de-detail-au-canada-a-obtenir-la-certification-zero-carbone-du-cbdca\/\">\n                <div class=\"team-img\" style=\"background-image:url(https:\/\/cp-internal.joeyai.app\/wp-content\/uploads\/2026\/01\/Choice-Coventry-Hills-Property-media-thumb.webp)\"><\/div>\n                <div class=\"team-name team-title\">Choice Coventry Hills devient le premier b\u00e2timent de commerce de d\u00e9tail au Canada \u00e0 obtenir la certification Z\u00e9ro carbone du CBDCa.<\/div>\n                <div class=\"team-position\"><strong><\/strong><\/div>\n                <div class=\"desc\"><\/div>\n            <\/a>\n\n            <div class=\"wp-block-button alt mt-3 \">\n                <a class=\"wp-block-button__link wp-element-button\" href=\"https:\/\/cp-internal.joeyai.app\/fr\/choice-coventry-hills-devient-le-premier-batiment-de-commerce-de-detail-au-canada-a-obtenir-la-certification-zero-carbone-du-cbdca\/\">Lire la suite<\/a>\n            <\/div>\n        <\/div>\n\n        <\/div>\n<\/div>\n\n\n\n<script>\n    $(function(){\n\n     \n    })\n<\/script>\n    \n<\/div>\n\n\n\n<h2 class=\"wp-block-heading pt-5 mt-md-2 has-medium-font-size\" id=\"esg\">ESG<\/h2>\n\n\n\n<div class=\"mt-3\">\n\n  \n<div class=\"development-listing mt-2\">\n\n \n    <div class=\"row g-4 leadership-team  mt-1 alt-development\">\n        \n         \n        <div class=\"col-12 col-md-4 item \">\n            <a href=\"https:\/\/cp-internal.joeyai.app\/fr\/transformer-des-parcs-de-stationnement-en-espaces-pour-lots-of-play\/\">\n                <div class=\"team-img\" style=\"background-image:url(https:\/\/cp-internal.joeyai.app\/wp-content\/uploads\/2026\/01\/transforming-parking-lots-thumb.webp)\"><\/div>\n                <div class=\"team-name team-title\">Transformer des parcs de stationnement en espaces pour Lots of Play<\/div>\n                <div class=\"team-position\"><strong><\/strong><\/div>\n                <div class=\"desc\"><\/div>\n            <\/a>\n\n            <div class=\"wp-block-button alt mt-3 \">\n                <a class=\"wp-block-button__link wp-element-button\" href=\"https:\/\/cp-internal.joeyai.app\/fr\/transformer-des-parcs-de-stationnement-en-espaces-pour-lots-of-play\/\">Lire la suite<\/a>\n            <\/div>\n        <\/div>\n\n        <\/div>\n<\/div>\n\n\n\n<script>\n    $(function(){\n\n     \n    })\n<\/script>\n    \n<\/div>\n\n<\/div>\n","protected":false},"excerpt":{"rendered":"","protected":false},"author":1,"featured_media":20163,"parent":0,"menu_order":0,"comment_status":"closed","ping_status":"closed","template":"","meta":{"_oasis_is_in_workflow":0,"_oasis_original":0,"footnotes":""},"class_list":["post-20162","page","type-page","status-publish","has-post-thumbnail","hentry"],"yoast_head":"<!-- This site is optimized with the Yoast SEO plugin v27.2 - https:\/\/yoast.com\/product\/yoast-seo-wordpress\/ -->\r\n<title>M\u00e9dias - Propri\u00e9t\u00e9s DeChoix<\/title>\r\n<meta name=\"description\" content=\"Consultez les derni\u00e8res actualit\u00e9s, communiqu\u00e9s de presse et ressources m\u00e9dias d&#039;Access Choice Properties pour conna\u00eetre les derni\u00e8res nouvelles et annonces de l&#039;entreprise.\" \/>\r\n<meta name=\"robots\" content=\"noindex, follow, max-snippet:-1, max-image-preview:large, max-video-preview:-1\" \/>\r\n<meta property=\"og:locale\" content=\"fr_FR\" \/>\r\n<meta property=\"og:type\" content=\"article\" \/>\r\n<meta property=\"og:title\" content=\"M\u00e9dias - Propri\u00e9t\u00e9s DeChoix\" \/>\r\n<meta property=\"og:description\" content=\"Consultez les derni\u00e8res actualit\u00e9s, communiqu\u00e9s de presse et ressources m\u00e9dias d&#039;Access Choice Properties pour conna\u00eetre les derni\u00e8res nouvelles et annonces de l&#039;entreprise.\" \/>\r\n<meta property=\"og:url\" content=\"https:\/\/cp-playground.joeyai.app\/fr\/medias\/\" \/>\r\n<meta property=\"og:site_name\" content=\"Propri\u00e9t\u00e9s DeChoix\" \/>\r\n<meta property=\"article:modified_time\" content=\"2026-03-26T13:57:27+00:00\" \/>\r\n<meta property=\"og:image\" content=\"https:\/\/cp-playground.joeyai.app\/wp-content\/uploads\/2026\/02\/media-banner.jpg\" \/>\r\n\t<meta property=\"og:image:width\" content=\"1920\" \/>\r\n\t<meta property=\"og:image:height\" content=\"720\" \/>\r\n\t<meta property=\"og:image:type\" content=\"image\/jpeg\" \/>\r\n<meta name=\"twitter:card\" content=\"summary_large_image\" \/>\r\n<script type=\"application\/ld+json\" class=\"yoast-schema-graph\">{\"@context\":\"https:\/\/schema.org\",\"@graph\":[{\"@type\":\"WebPage\",\"@id\":\"https:\/\/cp-playground.joeyai.app\/fr\/medias\/\",\"url\":\"https:\/\/cp-playground.joeyai.app\/fr\/medias\/\",\"name\":\"M\u00e9dias - Propri\u00e9t\u00e9s DeChoix\",\"isPartOf\":{\"@id\":\"https:\/\/cp-playground.joeyai.app\/#website\"},\"primaryImageOfPage\":{\"@id\":\"https:\/\/cp-playground.joeyai.app\/fr\/medias\/#primaryimage\"},\"image\":{\"@id\":\"https:\/\/cp-playground.joeyai.app\/fr\/medias\/#primaryimage\"},\"thumbnailUrl\":\"https:\/\/cp-internal.joeyai.app\/wp-content\/uploads\/2026\/02\/media-banner.jpg\",\"datePublished\":\"2025-09-25T14:21:25+00:00\",\"dateModified\":\"2026-03-26T13:57:27+00:00\",\"description\":\"Consultez les derni\u00e8res actualit\u00e9s, communiqu\u00e9s de presse et ressources m\u00e9dias d'Access Choice Properties pour conna\u00eetre les derni\u00e8res nouvelles et annonces de l'entreprise.\",\"breadcrumb\":{\"@id\":\"https:\/\/cp-playground.joeyai.app\/fr\/medias\/#breadcrumb\"},\"inLanguage\":\"fr-FR\",\"potentialAction\":[{\"@type\":\"ReadAction\",\"target\":[\"https:\/\/cp-playground.joeyai.app\/fr\/medias\/\"]}]},{\"@type\":\"ImageObject\",\"inLanguage\":\"fr-FR\",\"@id\":\"https:\/\/cp-playground.joeyai.app\/fr\/medias\/#primaryimage\",\"url\":\"https:\/\/cp-internal.joeyai.app\/wp-content\/uploads\/2026\/02\/media-banner.jpg\",\"contentUrl\":\"https:\/\/cp-internal.joeyai.app\/wp-content\/uploads\/2026\/02\/media-banner.jpg\",\"width\":1920,\"height\":720},{\"@type\":\"BreadcrumbList\",\"@id\":\"https:\/\/cp-playground.joeyai.app\/fr\/medias\/#breadcrumb\",\"itemListElement\":[{\"@type\":\"ListItem\",\"position\":1,\"name\":\"Home\",\"item\":\"https:\/\/cp-playground.joeyai.app\/fr\/\"},{\"@type\":\"ListItem\",\"position\":2,\"name\":\"M\u00e9dias\"}]},{\"@type\":\"WebSite\",\"@id\":\"https:\/\/cp-playground.joeyai.app\/#website\",\"url\":\"https:\/\/cp-playground.joeyai.app\/\",\"name\":\"Propri\u00e9t\u00e9s DeChoix\",\"description\":\"\",\"potentialAction\":[{\"@type\":\"SearchAction\",\"target\":{\"@type\":\"EntryPoint\",\"urlTemplate\":\"https:\/\/cp-playground.joeyai.app\/?s={search_term_string}\"},\"query-input\":{\"@type\":\"PropertyValueSpecification\",\"valueRequired\":true,\"valueName\":\"search_term_string\"}}],\"inLanguage\":\"fr-FR\"}]}<\/script>\r\n<!-- \/ Yoast SEO plugin. -->","yoast_head_json":{"title":"M\u00e9dias - Propri\u00e9t\u00e9s DeChoix","description":"Consultez les derni\u00e8res actualit\u00e9s, communiqu\u00e9s de presse et ressources m\u00e9dias d'Access Choice Properties pour conna\u00eetre les derni\u00e8res nouvelles et annonces de l'entreprise.","robots":{"index":"noindex","follow":"follow","max-snippet":"max-snippet:-1","max-image-preview":"max-image-preview:large","max-video-preview":"max-video-preview:-1"},"og_locale":"fr_FR","og_type":"article","og_title":"M\u00e9dias - Propri\u00e9t\u00e9s DeChoix","og_description":"Consultez les derni\u00e8res actualit\u00e9s, communiqu\u00e9s de presse et ressources m\u00e9dias d'Access Choice Properties pour conna\u00eetre les derni\u00e8res nouvelles et annonces de l'entreprise.","og_url":"https:\/\/cp-playground.joeyai.app\/fr\/medias\/","og_site_name":"Propri\u00e9t\u00e9s DeChoix","article_modified_time":"2026-03-26T13:57:27+00:00","og_image":[{"width":1920,"height":720,"url":"https:\/\/cp-playground.joeyai.app\/wp-content\/uploads\/2026\/02\/media-banner.jpg","type":"image\/jpeg"}],"twitter_card":"summary_large_image","schema":{"@context":"https:\/\/schema.org","@graph":[{"@type":"WebPage","@id":"https:\/\/cp-playground.joeyai.app\/fr\/medias\/","url":"https:\/\/cp-playground.joeyai.app\/fr\/medias\/","name":"M\u00e9dias - Propri\u00e9t\u00e9s DeChoix","isPartOf":{"@id":"https:\/\/cp-playground.joeyai.app\/#website"},"primaryImageOfPage":{"@id":"https:\/\/cp-playground.joeyai.app\/fr\/medias\/#primaryimage"},"image":{"@id":"https:\/\/cp-playground.joeyai.app\/fr\/medias\/#primaryimage"},"thumbnailUrl":"https:\/\/cp-internal.joeyai.app\/wp-content\/uploads\/2026\/02\/media-banner.jpg","datePublished":"2025-09-25T14:21:25+00:00","dateModified":"2026-03-26T13:57:27+00:00","description":"Consultez les derni\u00e8res actualit\u00e9s, communiqu\u00e9s de presse et ressources m\u00e9dias d'Access Choice Properties pour conna\u00eetre les derni\u00e8res nouvelles et annonces de l'entreprise.","breadcrumb":{"@id":"https:\/\/cp-playground.joeyai.app\/fr\/medias\/#breadcrumb"},"inLanguage":"fr-FR","potentialAction":[{"@type":"ReadAction","target":["https:\/\/cp-playground.joeyai.app\/fr\/medias\/"]}]},{"@type":"ImageObject","inLanguage":"fr-FR","@id":"https:\/\/cp-playground.joeyai.app\/fr\/medias\/#primaryimage","url":"https:\/\/cp-internal.joeyai.app\/wp-content\/uploads\/2026\/02\/media-banner.jpg","contentUrl":"https:\/\/cp-internal.joeyai.app\/wp-content\/uploads\/2026\/02\/media-banner.jpg","width":1920,"height":720},{"@type":"BreadcrumbList","@id":"https:\/\/cp-playground.joeyai.app\/fr\/medias\/#breadcrumb","itemListElement":[{"@type":"ListItem","position":1,"name":"Home","item":"https:\/\/cp-playground.joeyai.app\/fr\/"},{"@type":"ListItem","position":2,"name":"M\u00e9dias"}]},{"@type":"WebSite","@id":"https:\/\/cp-playground.joeyai.app\/#website","url":"https:\/\/cp-playground.joeyai.app\/","name":"Propri\u00e9t\u00e9s DeChoix","description":"","potentialAction":[{"@type":"SearchAction","target":{"@type":"EntryPoint","urlTemplate":"https:\/\/cp-playground.joeyai.app\/?s={search_term_string}"},"query-input":{"@type":"PropertyValueSpecification","valueRequired":true,"valueName":"search_term_string"}}],"inLanguage":"fr-FR"}]}},"_links":{"self":[{"href":"https:\/\/cp-internal.joeyai.app\/fr\/wp-json\/wp\/v2\/pages\/20162","targetHints":{"allow":["GET"]}}],"collection":[{"href":"https:\/\/cp-internal.joeyai.app\/fr\/wp-json\/wp\/v2\/pages"}],"about":[{"href":"https:\/\/cp-internal.joeyai.app\/fr\/wp-json\/wp\/v2\/types\/page"}],"author":[{"embeddable":true,"href":"https:\/\/cp-internal.joeyai.app\/fr\/wp-json\/wp\/v2\/users\/1"}],"replies":[{"embeddable":true,"href":"https:\/\/cp-internal.joeyai.app\/fr\/wp-json\/wp\/v2\/comments?post=20162"}],"version-history":[{"count":1,"href":"https:\/\/cp-internal.joeyai.app\/fr\/wp-json\/wp\/v2\/pages\/20162\/revisions"}],"predecessor-version":[{"id":20541,"href":"https:\/\/cp-internal.joeyai.app\/fr\/wp-json\/wp\/v2\/pages\/20162\/revisions\/20541"}],"wp:featuredmedia":[{"embeddable":true,"href":"https:\/\/cp-internal.joeyai.app\/fr\/wp-json\/wp\/v2\/media\/20163"}],"wp:attachment":[{"href":"https:\/\/cp-internal.joeyai.app\/fr\/wp-json\/wp\/v2\/media?parent=20162"}],"curies":[{"name":"wp","href":"https:\/\/api.w.org\/{rel}","templated":true}]}}