{"id":20156,"date":"2026-01-25T10:17:46","date_gmt":"2026-01-25T15:17:46","guid":{"rendered":"https:\/\/cp-internal.joeyai.app\/placemaking\/"},"modified":"2026-03-26T09:58:51","modified_gmt":"2026-03-26T13:58:51","slug":"cocreation-despaces-publics","status":"publish","type":"page","link":"https:\/\/cp-internal.joeyai.app\/fr\/durabilite\/cocreation-despaces-publics\/","title":{"rendered":"Cocr\u00e9ation d\u2019espaces publics"},"content":{"rendered":"<div class=\"wp-bootstrap-blocks-container container mb-2\">\n\t\n\n<h1 class=\"wp-block-heading title-header\">Cocr\u00e9ation d\u2019espaces publics<\/h1>\n\n\n\n<ul class=\"wp-block-list page-links\">\n<li class=\"\"><a href=\"#overview\">Aper\u00e7u<\/a><\/li>\n\n\n\n<li class=\"\"><a href=\"#event-calendar\">Calendrier des \u00e9v\u00e9nements<\/a><\/li>\n\n\n\n<li class=\"\"><a href=\"https:\/\/cp-internal.joeyai.app\/fr\/durabilite\/\" type=\"page\" id=\"20159\">Retour \u00e0 Durabilit\u00e9<\/a><\/li>\n<\/ul>\n\n<\/div>\n\n\n<div class=\"wp-bootstrap-blocks-container container mb-2 no-pad-mobile  pt-0\">\n\t\n\n<div class=\"wp-block-media-text is-stacked-on-mobile pt-5 media-direction-right\" id=\"overview\"><figure class=\"wp-block-media-text__media\"><img loading=\"lazy\" decoding=\"async\" width=\"1024\" height=\"576\" src=\"https:\/\/cp-internal.joeyai.app\/wp-content\/uploads\/2026\/02\/Purposeful-Placemaking-in-1024x576.jpg\" alt=\"\" class=\"wp-image-18592 size-full\" srcset=\"https:\/\/cp-internal.joeyai.app\/wp-content\/uploads\/2026\/02\/Purposeful-Placemaking-in-1024x576.jpg 1024w, https:\/\/cp-internal.joeyai.app\/wp-content\/uploads\/2026\/02\/Purposeful-Placemaking-in-300x169.jpg 300w, https:\/\/cp-internal.joeyai.app\/wp-content\/uploads\/2026\/02\/Purposeful-Placemaking-in-768x432.jpg 768w, https:\/\/cp-internal.joeyai.app\/wp-content\/uploads\/2026\/02\/Purposeful-Placemaking-in.jpg 1280w\" sizes=\"auto, (max-width: 1024px) 100vw, 1024px\" \/><\/figure><div class=\"wp-block-media-text__content\">\n<h3 class=\"wp-block-heading has-large-font-size\">Cocr\u00e9ation d\u00e9lib\u00e9r\u00e9e<br>d\u2019espaces publics<\/h3>\n\n\n\n<p class=\"\">La cocr\u00e9ation d\u2019espaces publics rassemble les gens. Nous collaborons avec des artistes, des partenaires communautaires et nos voisins afin de transformer nos propri\u00e9t\u00e9s en espaces dynamiques et accueillants qui exploitent le potentiel de nos propri\u00e9t\u00e9s pour renforcer nos objectifs d\u2019impact social. Nos piliers de cocr\u00e9ation d\u2019espaces publics visent \u00e0 promouvoir le d\u00e9veloppement \u00e9conomique local et \u00e0 soutenir la coh\u00e9sion sociale dans les communaut\u00e9s o\u00f9 nous exer\u00e7ons nos activit\u00e9s.<\/p>\n<\/div><\/div>\n\n<\/div>\n\n\n<div class=\"wp-bootstrap-blocks-container container mb-2 mt-md-5\">\n\t\n\n<h2 class=\"wp-block-heading pt-md-5 has-primary-color has-text-color has-link-color has-large-font-size wp-elements-b1f3563f79f3be138eb83ef5e0642fb2\" id=\"event-calendar\">\u00c9v\u00e9nements dans votre quartier<\/h2>\n\n\n\n<p class=\"\"><div class=\"mt-3\">\n    <div class=\"row link-bold events-switch-link\">\n        <div class=\"col-auto\">\n            <a href=\"#item-past\">Prochain<\/a>\n        <\/div>\n        <div class=\"col-auto\">\n            <a href=\"#item-upcoming\" class=\"active\"> Pass\u00e9<\/a>\n        <\/div>\n    <\/div>\n\n\n\n  \n<div class=\"development-listing mt-2\">\n\n \n    <div class=\"row g-4 leadership-team placeking-listing mt-1 alt-development\">\n        \n        \n        <div class=\"col-12 col-md-4 item item-upcoming\" style=\"display:block\">\n            <a href=\"https:\/\/cp-internal.joeyai.app\/fr\/placemaking-event\/pumpkin-fest-street-food-market\/\">\n                <div class=\"team-img\" style=\"background-image:url(https:\/\/cp-internal.joeyai.app\/wp-content\/uploads\/2026\/02\/pumpkin-fest-banner-825x510.jpg)\"><\/div>\n                <div class=\"team-name team-title\">Pumpkin Fest &amp; Street Food Market<\/div>\n                <div class=\"team-position\"><strong>650 Dupont, Toronto, ON<\/strong><\/div>\n                <div class=\"desc\"><\/div>\n            <\/a>\n\n            <div class=\"wp-block-button alt mt-3 \">\n                <a class=\"wp-block-button__link wp-element-button\" href=\"https:\/\/cp-internal.joeyai.app\/fr\/placemaking-event\/pumpkin-fest-street-food-market\/\">Voir L'\u00e9v\u00e9nement<\/a>\n            <\/div>\n        <\/div>\n\n    \n        <div class=\"col-12 col-md-4 item item-past\" style=\"display:none\">\n            <a href=\"https:\/\/cp-internal.joeyai.app\/fr\/placemaking-event\/lots-of-play\/\">\n                <div class=\"team-img\" style=\"background-image:url(https:\/\/cp-internal.joeyai.app\/wp-content\/uploads\/2026\/02\/lots-play-banner-825x510.jpg)\"><\/div>\n                <div class=\"team-name team-title\">Lots of Play<\/div>\n                <div class=\"team-position\"><strong>Upcoming<\/strong><\/div>\n                <div class=\"desc\"><\/div>\n            <\/a>\n\n            <div class=\"wp-block-button alt mt-3 \">\n                <a class=\"wp-block-button__link wp-element-button\" href=\"https:\/\/cp-internal.joeyai.app\/fr\/placemaking-event\/lots-of-play\/\">Voir L'\u00e9v\u00e9nement<\/a>\n            <\/div>\n        <\/div>\n\n    \n        <div class=\"col-12 col-md-4 item item-upcoming\" style=\"display:block\">\n            <a href=\"https:\/\/cp-internal.joeyai.app\/fr\/placemaking-event\/lots-of-play-golden-mile\/\">\n                <div class=\"team-img\" style=\"background-image:url(https:\/\/cp-internal.joeyai.app\/wp-content\/uploads\/2026\/01\/Lots-of-Play-Golden-Mile-.jpg)\"><\/div>\n                <div class=\"team-name team-title\">Lots of Play &#8211; Golden Mile\u202f<\/div>\n                <div class=\"team-position\"><strong>Eglinton and Victoria Park, Toronto, ON<\/strong><\/div>\n                <div class=\"desc\"><\/div>\n            <\/a>\n\n            <div class=\"wp-block-button alt mt-3 \">\n                <a class=\"wp-block-button__link wp-element-button\" href=\"https:\/\/cp-internal.joeyai.app\/fr\/placemaking-event\/lots-of-play-golden-mile\/\">Voir L'\u00e9v\u00e9nement<\/a>\n            <\/div>\n        <\/div>\n\n    \n        <div class=\"col-12 col-md-4 item item-upcoming\" style=\"display:block\">\n            <a href=\"https:\/\/cp-internal.joeyai.app\/fr\/placemaking-event\/lots-of-play-roncesvalles\/\">\n                <div class=\"team-img\" style=\"background-image:url(https:\/\/cp-internal.joeyai.app\/wp-content\/uploads\/2026\/01\/Lots-of-Play-Roncesvalles-.jpg)\"><\/div>\n                <div class=\"team-name team-title\">Lots of Play &#8211; Roncesvalles\u202f<\/div>\n                <div class=\"team-position\"><strong>Bloor and Dundas, Toronto, ON<\/strong><\/div>\n                <div class=\"desc\"><\/div>\n            <\/a>\n\n            <div class=\"wp-block-button alt mt-3 \">\n                <a class=\"wp-block-button__link wp-element-button\" href=\"https:\/\/cp-internal.joeyai.app\/fr\/placemaking-event\/lots-of-play-roncesvalles\/\">Voir L'\u00e9v\u00e9nement<\/a>\n            <\/div>\n        <\/div>\n\n    \n        <div class=\"col-12 col-md-4 item item-upcoming\" style=\"display:block\">\n            <a href=\"https:\/\/cp-internal.joeyai.app\/fr\/placemaking-event\/lots-of-play-fort-york\/\">\n                <div class=\"team-img\" style=\"background-image:url(https:\/\/cp-internal.joeyai.app\/wp-content\/uploads\/2026\/01\/Lots-of-Play-Fort-York.jpg)\"><\/div>\n                <div class=\"team-name team-title\">Lots of Play &#8211; Fort York<\/div>\n                <div class=\"team-position\"><strong>Lake Shore and Bathurst, Toronto, ON<\/strong><\/div>\n                <div class=\"desc\"><\/div>\n            <\/a>\n\n            <div class=\"wp-block-button alt mt-3 \">\n                <a class=\"wp-block-button__link wp-element-button\" href=\"https:\/\/cp-internal.joeyai.app\/fr\/placemaking-event\/lots-of-play-fort-york\/\">Voir L'\u00e9v\u00e9nement<\/a>\n            <\/div>\n        <\/div>\n\n    \n        <div class=\"col-12 col-md-4 item item-upcoming\" style=\"display:block\">\n            <a href=\"https:\/\/cp-internal.joeyai.app\/fr\/placemaking-event\/lots-of-play-the-annex\/\">\n                <div class=\"team-img\" style=\"background-image:url(https:\/\/cp-internal.joeyai.app\/wp-content\/uploads\/2026\/01\/Lots-of-Play-The-Annex-thumb.jpg)\"><\/div>\n                <div class=\"team-name team-title\">Lots of Play &#8211; The Annex<\/div>\n                <div class=\"team-position\"><strong>Dupont and Christie, Toronto, ON<\/strong><\/div>\n                <div class=\"desc\"><\/div>\n            <\/a>\n\n            <div class=\"wp-block-button alt mt-3 \">\n                <a class=\"wp-block-button__link wp-element-button\" href=\"https:\/\/cp-internal.joeyai.app\/fr\/placemaking-event\/lots-of-play-the-annex\/\">Voir L'\u00e9v\u00e9nement<\/a>\n            <\/div>\n        <\/div>\n\n    \n        <div class=\"col-12 col-md-4 item item-upcoming\" style=\"display:block\">\n            <a href=\"https:\/\/cp-internal.joeyai.app\/fr\/placemaking-event\/redway-dog-run\/\">\n                <div class=\"team-img\" style=\"background-image:url(https:\/\/cp-internal.joeyai.app\/wp-content\/uploads\/2026\/01\/Redway-Dog-Run-thumb.jpg)\"><\/div>\n                <div class=\"team-name team-title\">Redway Dog Run<\/div>\n                <div class=\"team-position\"><strong>11 Redway Rd, Toronto, ON<\/strong><\/div>\n                <div class=\"desc\"><\/div>\n            <\/a>\n\n            <div class=\"wp-block-button alt mt-3 \">\n                <a class=\"wp-block-button__link wp-element-button\" href=\"https:\/\/cp-internal.joeyai.app\/fr\/placemaking-event\/redway-dog-run\/\">Voir L'\u00e9v\u00e9nement<\/a>\n            <\/div>\n        <\/div>\n\n    \n        <div class=\"col-12 col-md-4 item item-upcoming\" style=\"display:block\">\n            <a href=\"https:\/\/cp-internal.joeyai.app\/fr\/placemaking-event\/dominoes\/\">\n                <div class=\"team-img\" style=\"background-image:url(https:\/\/cp-internal.joeyai.app\/wp-content\/uploads\/2026\/01\/Dominoes-thumb.jpg)\"><\/div>\n                <div class=\"team-name team-title\">Dominoes<\/div>\n                <div class=\"team-position\"><strong>West Block, Lake Shore Blvd W, Toronto, ON<\/strong><\/div>\n                <div class=\"desc\"><\/div>\n            <\/a>\n\n            <div class=\"wp-block-button alt mt-3 \">\n                <a class=\"wp-block-button__link wp-element-button\" href=\"https:\/\/cp-internal.joeyai.app\/fr\/placemaking-event\/dominoes\/\">Voir L'\u00e9v\u00e9nement<\/a>\n            <\/div>\n        <\/div>\n\n    \n        <div class=\"col-12 col-md-4 item item-upcoming\" style=\"display:block\">\n            <a href=\"https:\/\/cp-internal.joeyai.app\/fr\/placemaking-event\/scarborough-proud\/\">\n                <div class=\"team-img\" style=\"background-image:url(https:\/\/cp-internal.joeyai.app\/wp-content\/uploads\/2026\/01\/Scarborough-Proud-thumb.jpg)\"><\/div>\n                <div class=\"team-name team-title\">Scarborough Proud<\/div>\n                <div class=\"team-position\"><strong>Golden Mile Plaza, 1880 Eglinton Ave E, Scarborough, ON<\/strong><\/div>\n                <div class=\"desc\"><\/div>\n            <\/a>\n\n            <div class=\"wp-block-button alt mt-3 \">\n                <a class=\"wp-block-button__link wp-element-button\" href=\"https:\/\/cp-internal.joeyai.app\/fr\/placemaking-event\/scarborough-proud\/\">Voir L'\u00e9v\u00e9nement<\/a>\n            <\/div>\n        <\/div>\n\n    \n        <div class=\"col-12 col-md-4 item item-upcoming\" style=\"display:block\">\n            <a href=\"https:\/\/cp-internal.joeyai.app\/fr\/placemaking-event\/bradford-patio\/\">\n                <div class=\"team-img\" style=\"background-image:url(https:\/\/cp-internal.joeyai.app\/wp-content\/uploads\/2026\/01\/Bradford-Patio-thumb.jpg)\"><\/div>\n                <div class=\"team-name team-title\">Bradford Patio<\/div>\n                <div class=\"team-position\"><strong>500 Holland St W, Bradford, ON<\/strong><\/div>\n                <div class=\"desc\"><\/div>\n            <\/a>\n\n            <div class=\"wp-block-button alt mt-3 \">\n                <a class=\"wp-block-button__link wp-element-button\" href=\"https:\/\/cp-internal.joeyai.app\/fr\/placemaking-event\/bradford-patio\/\">Voir L'\u00e9v\u00e9nement<\/a>\n            <\/div>\n        <\/div>\n\n    \n        <div class=\"col-12 col-md-4 item item-upcoming\" style=\"display:block\">\n            <a href=\"https:\/\/cp-internal.joeyai.app\/fr\/placemaking-event\/calgary-stampede\/\">\n                <div class=\"team-img\" style=\"background-image:url(https:\/\/cp-internal.joeyai.app\/wp-content\/uploads\/2026\/01\/Calgary-creekside-Stampede-thumb.jpg)\"><\/div>\n                <div class=\"team-name team-title\">Calgary Stampede<\/div>\n                <div class=\"team-position\"><strong>Calgary, AB<\/strong><\/div>\n                <div class=\"desc\"><\/div>\n            <\/a>\n\n            <div class=\"wp-block-button alt mt-3 \">\n                <a class=\"wp-block-button__link wp-element-button\" href=\"https:\/\/cp-internal.joeyai.app\/fr\/placemaking-event\/calgary-stampede\/\">Voir L'\u00e9v\u00e9nement<\/a>\n            <\/div>\n        <\/div>\n\n        <\/div>\n<\/div>\n\n\n\n<script>\n    $(function(){\n\n        $(\".events-switch-link a\").click(function(e){\n            e.preventDefault();\n            var href = $(this).attr('href');\n            $(\".events-switch-link a\").removeClass(\"active\")\n            $(this).addClass(\"active\")\n            href = href.substring(1)\n            $(\".leadership-team .item\").hide();\n            $(\".leadership-team .item.\"+href).fadeIn();\n\n        })\n    })\n<\/script>\n    \n<\/div><\/p>\n\n\n\n<h2 class=\"wp-block-heading pt-5 d-none has-primary-color has-text-color has-link-color has-large-font-size wp-elements-2e556aea366cf86588b0567c95fc88c1\" id=\"partners\">Partenaires caritatifs\u00a02026<\/h2>\n\n<\/div>\n","protected":false},"excerpt":{"rendered":"","protected":false},"author":1,"featured_media":20158,"parent":20159,"menu_order":0,"comment_status":"closed","ping_status":"closed","template":"","meta":{"_oasis_is_in_workflow":0,"_oasis_original":0,"footnotes":""},"class_list":["post-20156","page","type-page","status-publish","has-post-thumbnail","hentry"],"yoast_head":"<!-- This site is optimized with the Yoast SEO plugin v27.2 - https:\/\/yoast.com\/product\/yoast-seo-wordpress\/ -->\r\n<title>Cocr\u00e9ation d\u2019espaces publics - Propri\u00e9t\u00e9s DeChoix<\/title>\r\n<meta name=\"description\" content=\"D\u00e9couvrez comment Choice Properties transforme les espaces gr\u00e2ce \u00e0 la cr\u00e9ation d&#039;environnements vivants, offrant ainsi des exp\u00e9riences communautaires dynamiques.\" \/>\r\n<meta name=\"robots\" content=\"noindex, follow, max-snippet:-1, max-image-preview:large, max-video-preview:-1\" \/>\r\n<meta property=\"og:locale\" content=\"fr_FR\" \/>\r\n<meta property=\"og:type\" content=\"article\" \/>\r\n<meta property=\"og:title\" content=\"Cocr\u00e9ation d\u2019espaces publics - Propri\u00e9t\u00e9s DeChoix\" \/>\r\n<meta property=\"og:description\" content=\"D\u00e9couvrez comment Choice Properties transforme les espaces gr\u00e2ce \u00e0 la cr\u00e9ation d&#039;environnements vivants, offrant ainsi des exp\u00e9riences communautaires dynamiques.\" \/>\r\n<meta property=\"og:url\" content=\"https:\/\/cp-playground.joeyai.app\/fr\/durabilite\/cocreation-despaces-publics\/\" \/>\r\n<meta property=\"og:site_name\" content=\"Propri\u00e9t\u00e9s DeChoix\" \/>\r\n<meta property=\"article:modified_time\" content=\"2026-03-26T13:58:51+00:00\" \/>\r\n<meta property=\"og:image\" content=\"https:\/\/cp-playground.joeyai.app\/wp-content\/uploads\/2026\/02\/placemaking-banner.jpg\" \/>\r\n\t<meta property=\"og:image:width\" content=\"1920\" \/>\r\n\t<meta property=\"og:image:height\" content=\"720\" \/>\r\n\t<meta property=\"og:image:type\" content=\"image\/jpeg\" \/>\r\n<meta name=\"twitter:card\" content=\"summary_large_image\" \/>\r\n<meta name=\"twitter:label1\" content=\"Dur\u00e9e de lecture estim\u00e9e\" \/>\n\t<meta name=\"twitter:data1\" content=\"1 minute\" \/>\r\n<script type=\"application\/ld+json\" class=\"yoast-schema-graph\">{\"@context\":\"https:\/\/schema.org\",\"@graph\":[{\"@type\":\"WebPage\",\"@id\":\"https:\/\/cp-playground.joeyai.app\/fr\/durabilite\/cocreation-despaces-publics\/\",\"url\":\"https:\/\/cp-playground.joeyai.app\/fr\/durabilite\/cocreation-despaces-publics\/\",\"name\":\"Cocr\u00e9ation d\u2019espaces publics - Propri\u00e9t\u00e9s DeChoix\",\"isPartOf\":{\"@id\":\"https:\/\/cp-playground.joeyai.app\/#website\"},\"primaryImageOfPage\":{\"@id\":\"https:\/\/cp-playground.joeyai.app\/fr\/durabilite\/cocreation-despaces-publics\/#primaryimage\"},\"image\":{\"@id\":\"https:\/\/cp-playground.joeyai.app\/fr\/durabilite\/cocreation-despaces-publics\/#primaryimage\"},\"thumbnailUrl\":\"https:\/\/cp-internal.joeyai.app\/wp-content\/uploads\/2026\/02\/placemaking-banner.jpg\",\"datePublished\":\"2026-01-25T15:17:46+00:00\",\"dateModified\":\"2026-03-26T13:58:51+00:00\",\"description\":\"D\u00e9couvrez comment Choice Properties transforme les espaces gr\u00e2ce \u00e0 la cr\u00e9ation d'environnements vivants, offrant ainsi des exp\u00e9riences communautaires dynamiques.\",\"breadcrumb\":{\"@id\":\"https:\/\/cp-playground.joeyai.app\/fr\/durabilite\/cocreation-despaces-publics\/#breadcrumb\"},\"inLanguage\":\"fr-FR\",\"potentialAction\":[{\"@type\":\"ReadAction\",\"target\":[\"https:\/\/cp-playground.joeyai.app\/fr\/durabilite\/cocreation-despaces-publics\/\"]}]},{\"@type\":\"ImageObject\",\"inLanguage\":\"fr-FR\",\"@id\":\"https:\/\/cp-playground.joeyai.app\/fr\/durabilite\/cocreation-despaces-publics\/#primaryimage\",\"url\":\"https:\/\/cp-internal.joeyai.app\/wp-content\/uploads\/2026\/02\/placemaking-banner.jpg\",\"contentUrl\":\"https:\/\/cp-internal.joeyai.app\/wp-content\/uploads\/2026\/02\/placemaking-banner.jpg\",\"width\":1920,\"height\":720},{\"@type\":\"BreadcrumbList\",\"@id\":\"https:\/\/cp-playground.joeyai.app\/fr\/durabilite\/cocreation-despaces-publics\/#breadcrumb\",\"itemListElement\":[{\"@type\":\"ListItem\",\"position\":1,\"name\":\"Home\",\"item\":\"https:\/\/cp-playground.joeyai.app\/fr\/\"},{\"@type\":\"ListItem\",\"position\":2,\"name\":\"Durabilit\u00e9\",\"item\":\"https:\/\/cp-playground.joeyai.app\/fr\/durabilite\/\"},{\"@type\":\"ListItem\",\"position\":3,\"name\":\"Cocr\u00e9ation d\u2019espaces publics\"}]},{\"@type\":\"WebSite\",\"@id\":\"https:\/\/cp-playground.joeyai.app\/#website\",\"url\":\"https:\/\/cp-playground.joeyai.app\/\",\"name\":\"Propri\u00e9t\u00e9s DeChoix\",\"description\":\"\",\"potentialAction\":[{\"@type\":\"SearchAction\",\"target\":{\"@type\":\"EntryPoint\",\"urlTemplate\":\"https:\/\/cp-playground.joeyai.app\/?s={search_term_string}\"},\"query-input\":{\"@type\":\"PropertyValueSpecification\",\"valueRequired\":true,\"valueName\":\"search_term_string\"}}],\"inLanguage\":\"fr-FR\"}]}<\/script>\r\n<!-- \/ Yoast SEO plugin. -->","yoast_head_json":{"title":"Cocr\u00e9ation d\u2019espaces publics - Propri\u00e9t\u00e9s DeChoix","description":"D\u00e9couvrez comment Choice Properties transforme les espaces gr\u00e2ce \u00e0 la cr\u00e9ation d'environnements vivants, offrant ainsi des exp\u00e9riences communautaires dynamiques.","robots":{"index":"noindex","follow":"follow","max-snippet":"max-snippet:-1","max-image-preview":"max-image-preview:large","max-video-preview":"max-video-preview:-1"},"og_locale":"fr_FR","og_type":"article","og_title":"Cocr\u00e9ation d\u2019espaces publics - Propri\u00e9t\u00e9s DeChoix","og_description":"D\u00e9couvrez comment Choice Properties transforme les espaces gr\u00e2ce \u00e0 la cr\u00e9ation d'environnements vivants, offrant ainsi des exp\u00e9riences communautaires dynamiques.","og_url":"https:\/\/cp-playground.joeyai.app\/fr\/durabilite\/cocreation-despaces-publics\/","og_site_name":"Propri\u00e9t\u00e9s DeChoix","article_modified_time":"2026-03-26T13:58:51+00:00","og_image":[{"width":1920,"height":720,"url":"https:\/\/cp-playground.joeyai.app\/wp-content\/uploads\/2026\/02\/placemaking-banner.jpg","type":"image\/jpeg"}],"twitter_card":"summary_large_image","twitter_misc":{"Dur\u00e9e de lecture estim\u00e9e":"1 minute"},"schema":{"@context":"https:\/\/schema.org","@graph":[{"@type":"WebPage","@id":"https:\/\/cp-playground.joeyai.app\/fr\/durabilite\/cocreation-despaces-publics\/","url":"https:\/\/cp-playground.joeyai.app\/fr\/durabilite\/cocreation-despaces-publics\/","name":"Cocr\u00e9ation d\u2019espaces publics - Propri\u00e9t\u00e9s DeChoix","isPartOf":{"@id":"https:\/\/cp-playground.joeyai.app\/#website"},"primaryImageOfPage":{"@id":"https:\/\/cp-playground.joeyai.app\/fr\/durabilite\/cocreation-despaces-publics\/#primaryimage"},"image":{"@id":"https:\/\/cp-playground.joeyai.app\/fr\/durabilite\/cocreation-despaces-publics\/#primaryimage"},"thumbnailUrl":"https:\/\/cp-internal.joeyai.app\/wp-content\/uploads\/2026\/02\/placemaking-banner.jpg","datePublished":"2026-01-25T15:17:46+00:00","dateModified":"2026-03-26T13:58:51+00:00","description":"D\u00e9couvrez comment Choice Properties transforme les espaces gr\u00e2ce \u00e0 la cr\u00e9ation d'environnements vivants, offrant ainsi des exp\u00e9riences communautaires dynamiques.","breadcrumb":{"@id":"https:\/\/cp-playground.joeyai.app\/fr\/durabilite\/cocreation-despaces-publics\/#breadcrumb"},"inLanguage":"fr-FR","potentialAction":[{"@type":"ReadAction","target":["https:\/\/cp-playground.joeyai.app\/fr\/durabilite\/cocreation-despaces-publics\/"]}]},{"@type":"ImageObject","inLanguage":"fr-FR","@id":"https:\/\/cp-playground.joeyai.app\/fr\/durabilite\/cocreation-despaces-publics\/#primaryimage","url":"https:\/\/cp-internal.joeyai.app\/wp-content\/uploads\/2026\/02\/placemaking-banner.jpg","contentUrl":"https:\/\/cp-internal.joeyai.app\/wp-content\/uploads\/2026\/02\/placemaking-banner.jpg","width":1920,"height":720},{"@type":"BreadcrumbList","@id":"https:\/\/cp-playground.joeyai.app\/fr\/durabilite\/cocreation-despaces-publics\/#breadcrumb","itemListElement":[{"@type":"ListItem","position":1,"name":"Home","item":"https:\/\/cp-playground.joeyai.app\/fr\/"},{"@type":"ListItem","position":2,"name":"Durabilit\u00e9","item":"https:\/\/cp-playground.joeyai.app\/fr\/durabilite\/"},{"@type":"ListItem","position":3,"name":"Cocr\u00e9ation d\u2019espaces publics"}]},{"@type":"WebSite","@id":"https:\/\/cp-playground.joeyai.app\/#website","url":"https:\/\/cp-playground.joeyai.app\/","name":"Propri\u00e9t\u00e9s DeChoix","description":"","potentialAction":[{"@type":"SearchAction","target":{"@type":"EntryPoint","urlTemplate":"https:\/\/cp-playground.joeyai.app\/?s={search_term_string}"},"query-input":{"@type":"PropertyValueSpecification","valueRequired":true,"valueName":"search_term_string"}}],"inLanguage":"fr-FR"}]}},"_links":{"self":[{"href":"https:\/\/cp-internal.joeyai.app\/fr\/wp-json\/wp\/v2\/pages\/20156","targetHints":{"allow":["GET"]}}],"collection":[{"href":"https:\/\/cp-internal.joeyai.app\/fr\/wp-json\/wp\/v2\/pages"}],"about":[{"href":"https:\/\/cp-internal.joeyai.app\/fr\/wp-json\/wp\/v2\/types\/page"}],"author":[{"embeddable":true,"href":"https:\/\/cp-internal.joeyai.app\/fr\/wp-json\/wp\/v2\/users\/1"}],"replies":[{"embeddable":true,"href":"https:\/\/cp-internal.joeyai.app\/fr\/wp-json\/wp\/v2\/comments?post=20156"}],"version-history":[{"count":3,"href":"https:\/\/cp-internal.joeyai.app\/fr\/wp-json\/wp\/v2\/pages\/20156\/revisions"}],"predecessor-version":[{"id":20588,"href":"https:\/\/cp-internal.joeyai.app\/fr\/wp-json\/wp\/v2\/pages\/20156\/revisions\/20588"}],"up":[{"embeddable":true,"href":"https:\/\/cp-internal.joeyai.app\/fr\/wp-json\/wp\/v2\/pages\/20159"}],"wp:featuredmedia":[{"embeddable":true,"href":"https:\/\/cp-internal.joeyai.app\/fr\/wp-json\/wp\/v2\/media\/20158"}],"wp:attachment":[{"href":"https:\/\/cp-internal.joeyai.app\/fr\/wp-json\/wp\/v2\/media?parent=20156"}],"curies":[{"name":"wp","href":"https:\/\/api.w.org\/{rel}","templated":true}]}}