{"id":20153,"date":"2026-01-25T10:49:51","date_gmt":"2026-01-25T15:49:51","guid":{"rendered":"https:\/\/cp-internal.joeyai.app\/choicecares\/"},"modified":"2026-03-26T10:00:20","modified_gmt":"2026-03-26T14:00:20","slug":"aider-par-choix","status":"publish","type":"page","link":"https:\/\/cp-internal.joeyai.app\/fr\/durabilite\/aider-par-choix\/","title":{"rendered":"Aider par Choix"},"content":{"rendered":"<div class=\"wp-bootstrap-blocks-container container mb-2\">\n\t\n\n<div class=\"wp-block-group mb-3 iconed-h is-nowrap is-layout-flex wp-container-core-group-is-layout-ad2f72ca wp-block-group-is-layout-flex\">\n<h1 class=\"wp-block-heading\">Aider par Choix<\/h1>\n<\/div>\n\n\n\n<ul class=\"wp-block-list page-links\">\n<li class=\"\"><a href=\"#overview\">Aper\u00e7u<\/a><\/li>\n\n\n\n<li class=\"\"><a href=\"#our-focus\">Notre priorit\u00e9<\/a><\/li>\n\n\n\n<li class=\"\"><a href=\"#golf-classic\">Classique de golf<\/a><\/li>\n\n\n\n<li class=\"\"><a href=\"https:\/\/cp-internal.joeyai.app\/fr\/durabilite\/\" type=\"page\" id=\"20159\">Retour \u00e0 Durabilit\u00e9<\/a><\/li>\n<\/ul>\n\n<\/div>\n\n\n<div class=\"wp-bootstrap-blocks-container container mb-2 no-pad-mobile\">\n\t\n\n<div class=\"wp-block-media-text is-stacked-on-mobile pt-5 media-direction-right\" id=\"overview\"><figure class=\"wp-block-media-text__media\"><img loading=\"lazy\" decoding=\"async\" width=\"1024\" height=\"576\" src=\"https:\/\/cp-internal.joeyai.app\/wp-content\/uploads\/2026\/01\/choice-cares-img-1024x576.jpg\" alt=\"\" class=\"wp-image-17893 size-full\" srcset=\"https:\/\/cp-internal.joeyai.app\/wp-content\/uploads\/2026\/01\/choice-cares-img-1024x576.jpg 1024w, https:\/\/cp-internal.joeyai.app\/wp-content\/uploads\/2026\/01\/choice-cares-img-300x169.jpg 300w, https:\/\/cp-internal.joeyai.app\/wp-content\/uploads\/2026\/01\/choice-cares-img-768x432.jpg 768w, https:\/\/cp-internal.joeyai.app\/wp-content\/uploads\/2026\/01\/choice-cares-img-1536x864.jpg 1536w, https:\/\/cp-internal.joeyai.app\/wp-content\/uploads\/2026\/01\/choice-cares-img.jpg 1920w\" sizes=\"auto, (max-width: 1024px) 100vw, 1024px\" \/><\/figure><div class=\"wp-block-media-text__content\">\n<h3 class=\"wp-block-heading has-large-font-size\" id=\"overview\">Une culture du don<\/h3>\n\n\n\n<p class=\"\">Aider par Choix est notre programme national d\u2019engagement communautaire. Des coll\u00e8gues de tout le Canada unissent leurs forces pour consacrer leur temps, leurs comp\u00e9tences et leurs ressources au b\u00e9n\u00e9volat et \u00e0 la collecte de fonds afin de soutenir des organismes qui \u00e9largissent les possibilit\u00e9s, renforcent les liens et am\u00e9liorent les communaut\u00e9s locales.<\/p>\n<\/div><\/div>\n\n<\/div>\n\n\n<div class=\"wp-bootstrap-blocks-container container mb-2 pt-0\">\n\t\n\n<h2 class=\"wp-block-heading has-medium-font-size\" id=\"our-focus\">Deux domaines d\u2019int\u00e9r\u00eat<\/h2>\n\n\n<div class=\"wp-bootstrap-blocks-row row picture-info-box\">\n\t\n\n<div class=\"col-12 col-md-6 col-lg-6\">\n\t\t\t\n\n<figure class=\"wp-block-image size-full\"><img loading=\"lazy\" decoding=\"async\" width=\"800\" height=\"600\" src=\"https:\/\/cp-internal.joeyai.app\/wp-content\/uploads\/2026\/03\/local-eco-dev.jpg\" alt=\"\" class=\"wp-image-19598\" srcset=\"https:\/\/cp-internal.joeyai.app\/wp-content\/uploads\/2026\/03\/local-eco-dev.jpg 800w, https:\/\/cp-internal.joeyai.app\/wp-content\/uploads\/2026\/03\/local-eco-dev-300x225.jpg 300w, https:\/\/cp-internal.joeyai.app\/wp-content\/uploads\/2026\/03\/local-eco-dev-768x576.jpg 768w\" sizes=\"auto, (max-width: 800px) 100vw, 800px\" \/><\/figure>\n\n\n\n<h4 class=\"wp-block-heading\">D\u00e9veloppement \u00e9conomique local<\/h4>\n\n\n\n<p class=\"\">Nous soutenons des initiatives qui aident les entreprises locales \u00e0 cro\u00eetre et \u00e0 cr\u00e9er des occasions. Ces efforts renforcent les \u00e9conomies de quartier et contribuent \u00e0 des communaut\u00e9s prosp\u00e8res et durables.<\/p>\n\n\t<\/div>\n\n\n\n<div class=\"col-12 col-md-6 col-lg-6\">\n\t\t\t\n\n<figure class=\"wp-block-image size-full\"><img loading=\"lazy\" decoding=\"async\" width=\"800\" height=\"600\" src=\"https:\/\/cp-internal.joeyai.app\/wp-content\/uploads\/2026\/03\/social-cohesion.jpg\" alt=\"\" class=\"wp-image-19597\" srcset=\"https:\/\/cp-internal.joeyai.app\/wp-content\/uploads\/2026\/03\/social-cohesion.jpg 800w, https:\/\/cp-internal.joeyai.app\/wp-content\/uploads\/2026\/03\/social-cohesion-300x225.jpg 300w, https:\/\/cp-internal.joeyai.app\/wp-content\/uploads\/2026\/03\/social-cohesion-768x576.jpg 768w\" sizes=\"auto, (max-width: 800px) 100vw, 800px\" \/><\/figure>\n\n\n\n<h4 class=\"wp-block-heading\">Coh\u00e9sion sociale<\/h4>\n\n\n\n<p class=\"\">Nous aidons \u00e0 rassembler les gens en soutenant des programmes qui favorisent la connexion, l\u2019inclusion et les exp\u00e9riences partag\u00e9es. Ces moments b\u00e2tissent des liens plus forts et un sentiment d\u2019appartenance \u00e0 travers nos communaut\u00e9s.<\/p>\n\n\t<\/div>\n\n<\/div>\n\n\n\n<h2 class=\"wp-block-heading pt-2 has-medium-font-size\">Notre cadre en action<\/h2>\n\n\n<div class=\"wp-bootstrap-blocks-row row picture-info-box\">\n\t\n\n<div class=\"col-12 col-md-6 col-lg-4\">\n\t\t\t\n\n<figure class=\"wp-block-image size-full\"><img loading=\"lazy\" decoding=\"async\" width=\"493\" height=\"370\" src=\"https:\/\/cp-internal.joeyai.app\/wp-content\/uploads\/2026\/03\/supporting-entreneuship.jpg\" alt=\"\" class=\"wp-image-19600\" srcset=\"https:\/\/cp-internal.joeyai.app\/wp-content\/uploads\/2026\/03\/supporting-entreneuship.jpg 493w, https:\/\/cp-internal.joeyai.app\/wp-content\/uploads\/2026\/03\/supporting-entreneuship-300x225.jpg 300w\" sizes=\"auto, (max-width: 493px) 100vw, 493px\" \/><\/figure>\n\n\n\n<h4 class=\"wp-block-heading\">Soutenir l\u2019entrepreneuriat au Golden Mile<\/h4>\n\n\n\n<p class=\"\">Propri\u00e9t\u00e9s de Choix est signataire de la charte d\u2019entreprise de l\u2019initiative d\u2019opportunit\u00e9s \u00e9conomiques locales inclusives (ILEO). En collaboration avec des partenaires publics, priv\u00e9s et communautaires, nous soutenons les entrepreneurs locaux en contribuant \u00e0 cr\u00e9er des occasions de croissance d\u2019entreprise pr\u00e8s de chez nous.<\/p>\n\n\n\n<p class=\"\">Dans le cadre du programme Storefront Starter d\u2019ILEO, nous collaborons avec United Way Greater Toronto pour organiser des march\u00e9s \u00e9ph\u00e9m\u00e8res qui offrent aux futurs propri\u00e9taires d\u2019entreprise l\u2019espace et la plateforme pour lancer leurs id\u00e9es gratuitement.<\/p>\n\n\t<\/div>\n\n\n\n<div class=\"col-12 col-md-6 col-lg-4\">\n\t\t\t\n\n<figure class=\"wp-block-image size-full\"><img loading=\"lazy\" decoding=\"async\" width=\"740\" height=\"555\" src=\"https:\/\/cp-internal.joeyai.app\/wp-content\/uploads\/2026\/01\/artist-residence.jpg\" alt=\"\" class=\"wp-image-17903\" srcset=\"https:\/\/cp-internal.joeyai.app\/wp-content\/uploads\/2026\/01\/artist-residence.jpg 740w, https:\/\/cp-internal.joeyai.app\/wp-content\/uploads\/2026\/01\/artist-residence-300x225.jpg 300w\" sizes=\"auto, (max-width: 740px) 100vw, 740px\" \/><\/figure>\n\n\n\n<h4 class=\"wp-block-heading\">Programme Artist in Residence<\/h4>\n\n\n\n<p class=\"\">En collaboration avec l\u2019initiative BlackNorth et The Daniels Corporation, notre programme Artist in Residence soutient les artistes noirs \u00e9mergents en offrant des espaces d\u2019atelier et des occasions de diriger des programmes cr\u00e9atifs dans nos communaut\u00e9s r\u00e9sidentielles.<\/p>\n\n\n\n<p class=\"\">Cette r\u00e9sidence offre des exp\u00e9riences artistiques vibrantes aux r\u00e9sidents tout en offrant aux artistes participants l\u2019espace n\u00e9cessaire pour \u00e9largir leur pratique et se connecter \u00e0 la communaut\u00e9.<\/p>\n\n\t<\/div>\n\n\n\n<div class=\"col-12 col-md-6 col-lg-4\">\n\t\t\t\n\n<figure class=\"wp-block-image size-full\"><img loading=\"lazy\" decoding=\"async\" width=\"740\" height=\"555\" src=\"https:\/\/cp-internal.joeyai.app\/wp-content\/uploads\/2026\/01\/accelerating-accessibility.jpg\" alt=\"\" class=\"wp-image-17904\" srcset=\"https:\/\/cp-internal.joeyai.app\/wp-content\/uploads\/2026\/01\/accelerating-accessibility.jpg 740w, https:\/\/cp-internal.joeyai.app\/wp-content\/uploads\/2026\/01\/accelerating-accessibility-300x225.jpg 300w\" sizes=\"auto, (max-width: 740px) 100vw, 740px\" \/><\/figure>\n\n\n\n<h4 class=\"wp-block-heading\">Acc\u00e9l\u00e9ration<br>de l\u2019accessibilit\u00e9<\/h4>\n\n\n\n<p class=\"\">Propri\u00e9t\u00e9s de Choix est membre fondateur de l\u2019Accelerating Accessibility Coalition, une collaboration nationale de leaders en mati\u00e8re de d\u00e9veloppement immobilier et d\u2019accessibilit\u00e9. Ensemble, nous travaillons \u00e0 rendre les b\u00e2timents et les espaces publics plus inclusifs, afin que les gens puissent se d\u00e9placer, utiliser les lieux o\u00f9 ils vivent, travaillent et se rassemblent et en profiter.<\/p>\n\n\t<\/div>\n\n<\/div>\n\n<\/div>\n\n\n<div class=\"wp-bootstrap-blocks-container container mb-2 no-pad-mobile pt-0\">\n\t\n\n<div class=\"wp-block-media-text is-stacked-on-mobile pt-2 media-direction-right\"><figure class=\"wp-block-media-text__media\"><img loading=\"lazy\" decoding=\"async\" width=\"1024\" height=\"576\" src=\"https:\/\/cp-internal.joeyai.app\/wp-content\/uploads\/2026\/01\/golf-classic-event-1024x576.jpg\" alt=\"\" class=\"wp-image-17897 size-full\" srcset=\"https:\/\/cp-internal.joeyai.app\/wp-content\/uploads\/2026\/01\/golf-classic-event-1024x576.jpg 1024w, https:\/\/cp-internal.joeyai.app\/wp-content\/uploads\/2026\/01\/golf-classic-event-300x169.jpg 300w, https:\/\/cp-internal.joeyai.app\/wp-content\/uploads\/2026\/01\/golf-classic-event-768x432.jpg 768w, https:\/\/cp-internal.joeyai.app\/wp-content\/uploads\/2026\/01\/golf-classic-event-1536x864.jpg 1536w, https:\/\/cp-internal.joeyai.app\/wp-content\/uploads\/2026\/01\/golf-classic-event.jpg 1920w\" sizes=\"auto, (max-width: 1024px) 100vw, 1024px\" \/><\/figure><div class=\"wp-block-media-text__content\">\n<h3 class=\"wp-block-heading has-large-font-size\" id=\"golf-classic\">\u00c9v\u00e9nement de bienfaisance<br>Classique de golf<\/h3>\n\n\n\n<p class=\"\">Propri\u00e9t\u00e9s de Choix organise deux tournois de golf, offrant une journ\u00e9e en plein air avec de la bonne nourriture, une comp\u00e9tition amicale et des prix excitants. Chaque dollar vers\u00e9 par nos commanditaires soutient directement des programmes communautaires qui favorisent le d\u00e9veloppement \u00e9conomique local et renforcent les liens sociaux. Avec nos partenaires \u00e0 travers le Canada, nous cr\u00e9ons un impact significatif et durable.<\/p>\n\n\n\n<div class=\"wp-block-buttons is-layout-flex wp-block-buttons-is-layout-flex\">\n<div class=\"wp-block-button alt\"><a class=\"wp-block-button__link wp-element-button\" href=\"https:\/\/cp-internal.joeyai.app\/choicecares\/annual-golf-classic\/\">En savoir plus<\/a><\/div>\n<\/div>\n<\/div><\/div>\n\n<\/div>\n\n\n<div class=\"wp-bootstrap-blocks-container container mb-2 mt-5\">\n\t\n\n<h2 class=\"wp-block-heading pt-md-5 d-none has-medium-font-size\" id=\"partners\">Partenaires caritatifs\u00a02026<\/h2>\n\n<\/div>\n\n\n\n<p class=\"\"><\/p>\n","protected":false},"excerpt":{"rendered":"","protected":false},"author":1,"featured_media":20155,"parent":20159,"menu_order":0,"comment_status":"closed","ping_status":"closed","template":"","meta":{"_oasis_is_in_workflow":0,"_oasis_original":0,"footnotes":""},"class_list":["post-20153","page","type-page","status-publish","has-post-thumbnail","hentry"],"yoast_head":"<!-- This site is optimized with the Yoast SEO plugin v27.2 - https:\/\/yoast.com\/product\/yoast-seo-wordpress\/ -->\r\n<title>Aider par Choix - Propri\u00e9t\u00e9s DeChoix<\/title>\r\n<meta name=\"description\" content=\"ChoiceCares pr\u00e9sente les programmes communautaires, les initiatives caritatives et les actions en faveur de l&#039;engagement social de Choice Properties.\" \/>\r\n<meta name=\"robots\" content=\"noindex, follow, max-snippet:-1, max-image-preview:large, max-video-preview:-1\" \/>\r\n<meta property=\"og:locale\" content=\"fr_FR\" \/>\r\n<meta property=\"og:type\" content=\"article\" \/>\r\n<meta property=\"og:title\" content=\"Aider par Choix - Propri\u00e9t\u00e9s DeChoix\" \/>\r\n<meta property=\"og:description\" content=\"ChoiceCares pr\u00e9sente les programmes communautaires, les initiatives caritatives et les actions en faveur de l&#039;engagement social de Choice Properties.\" \/>\r\n<meta property=\"og:url\" content=\"https:\/\/cp-playground.joeyai.app\/fr\/durabilite\/aider-par-choix\/\" \/>\r\n<meta property=\"og:site_name\" content=\"Propri\u00e9t\u00e9s DeChoix\" \/>\r\n<meta property=\"article:modified_time\" content=\"2026-03-26T14:00:20+00:00\" \/>\r\n<meta property=\"og:image\" content=\"https:\/\/cp-playground.joeyai.app\/wp-content\/uploads\/2026\/02\/ChoiceCares-banner.jpg\" \/>\r\n\t<meta property=\"og:image:width\" content=\"1920\" \/>\r\n\t<meta property=\"og:image:height\" content=\"720\" \/>\r\n\t<meta property=\"og:image:type\" content=\"image\/jpeg\" \/>\r\n<meta name=\"twitter:card\" content=\"summary_large_image\" \/>\r\n<meta name=\"twitter:label1\" content=\"Dur\u00e9e de lecture estim\u00e9e\" \/>\n\t<meta name=\"twitter:data1\" content=\"2 minutes\" \/>\r\n<script type=\"application\/ld+json\" class=\"yoast-schema-graph\">{\"@context\":\"https:\/\/schema.org\",\"@graph\":[{\"@type\":\"WebPage\",\"@id\":\"https:\/\/cp-playground.joeyai.app\/fr\/durabilite\/aider-par-choix\/\",\"url\":\"https:\/\/cp-playground.joeyai.app\/fr\/durabilite\/aider-par-choix\/\",\"name\":\"Aider par Choix - Propri\u00e9t\u00e9s DeChoix\",\"isPartOf\":{\"@id\":\"https:\/\/cp-playground.joeyai.app\/#website\"},\"primaryImageOfPage\":{\"@id\":\"https:\/\/cp-playground.joeyai.app\/fr\/durabilite\/aider-par-choix\/#primaryimage\"},\"image\":{\"@id\":\"https:\/\/cp-playground.joeyai.app\/fr\/durabilite\/aider-par-choix\/#primaryimage\"},\"thumbnailUrl\":\"https:\/\/cp-internal.joeyai.app\/wp-content\/uploads\/2026\/02\/ChoiceCares-banner.jpg\",\"datePublished\":\"2026-01-25T15:49:51+00:00\",\"dateModified\":\"2026-03-26T14:00:20+00:00\",\"description\":\"ChoiceCares pr\u00e9sente les programmes communautaires, les initiatives caritatives et les actions en faveur de l'engagement social de Choice Properties.\",\"breadcrumb\":{\"@id\":\"https:\/\/cp-playground.joeyai.app\/fr\/durabilite\/aider-par-choix\/#breadcrumb\"},\"inLanguage\":\"fr-FR\",\"potentialAction\":[{\"@type\":\"ReadAction\",\"target\":[\"https:\/\/cp-playground.joeyai.app\/fr\/durabilite\/aider-par-choix\/\"]}]},{\"@type\":\"ImageObject\",\"inLanguage\":\"fr-FR\",\"@id\":\"https:\/\/cp-playground.joeyai.app\/fr\/durabilite\/aider-par-choix\/#primaryimage\",\"url\":\"https:\/\/cp-internal.joeyai.app\/wp-content\/uploads\/2026\/02\/ChoiceCares-banner.jpg\",\"contentUrl\":\"https:\/\/cp-internal.joeyai.app\/wp-content\/uploads\/2026\/02\/ChoiceCares-banner.jpg\",\"width\":1920,\"height\":720},{\"@type\":\"BreadcrumbList\",\"@id\":\"https:\/\/cp-playground.joeyai.app\/fr\/durabilite\/aider-par-choix\/#breadcrumb\",\"itemListElement\":[{\"@type\":\"ListItem\",\"position\":1,\"name\":\"Home\",\"item\":\"https:\/\/cp-playground.joeyai.app\/fr\/\"},{\"@type\":\"ListItem\",\"position\":2,\"name\":\"Durabilit\u00e9\",\"item\":\"https:\/\/cp-playground.joeyai.app\/fr\/durabilite\/\"},{\"@type\":\"ListItem\",\"position\":3,\"name\":\"Aider par Choix\"}]},{\"@type\":\"WebSite\",\"@id\":\"https:\/\/cp-playground.joeyai.app\/#website\",\"url\":\"https:\/\/cp-playground.joeyai.app\/\",\"name\":\"Propri\u00e9t\u00e9s DeChoix\",\"description\":\"\",\"potentialAction\":[{\"@type\":\"SearchAction\",\"target\":{\"@type\":\"EntryPoint\",\"urlTemplate\":\"https:\/\/cp-playground.joeyai.app\/?s={search_term_string}\"},\"query-input\":{\"@type\":\"PropertyValueSpecification\",\"valueRequired\":true,\"valueName\":\"search_term_string\"}}],\"inLanguage\":\"fr-FR\"}]}<\/script>\r\n<!-- \/ Yoast SEO plugin. -->","yoast_head_json":{"title":"Aider par Choix - Propri\u00e9t\u00e9s DeChoix","description":"ChoiceCares pr\u00e9sente les programmes communautaires, les initiatives caritatives et les actions en faveur de l'engagement social de Choice Properties.","robots":{"index":"noindex","follow":"follow","max-snippet":"max-snippet:-1","max-image-preview":"max-image-preview:large","max-video-preview":"max-video-preview:-1"},"og_locale":"fr_FR","og_type":"article","og_title":"Aider par Choix - Propri\u00e9t\u00e9s DeChoix","og_description":"ChoiceCares pr\u00e9sente les programmes communautaires, les initiatives caritatives et les actions en faveur de l'engagement social de Choice Properties.","og_url":"https:\/\/cp-playground.joeyai.app\/fr\/durabilite\/aider-par-choix\/","og_site_name":"Propri\u00e9t\u00e9s DeChoix","article_modified_time":"2026-03-26T14:00:20+00:00","og_image":[{"width":1920,"height":720,"url":"https:\/\/cp-playground.joeyai.app\/wp-content\/uploads\/2026\/02\/ChoiceCares-banner.jpg","type":"image\/jpeg"}],"twitter_card":"summary_large_image","twitter_misc":{"Dur\u00e9e de lecture estim\u00e9e":"2 minutes"},"schema":{"@context":"https:\/\/schema.org","@graph":[{"@type":"WebPage","@id":"https:\/\/cp-playground.joeyai.app\/fr\/durabilite\/aider-par-choix\/","url":"https:\/\/cp-playground.joeyai.app\/fr\/durabilite\/aider-par-choix\/","name":"Aider par Choix - Propri\u00e9t\u00e9s DeChoix","isPartOf":{"@id":"https:\/\/cp-playground.joeyai.app\/#website"},"primaryImageOfPage":{"@id":"https:\/\/cp-playground.joeyai.app\/fr\/durabilite\/aider-par-choix\/#primaryimage"},"image":{"@id":"https:\/\/cp-playground.joeyai.app\/fr\/durabilite\/aider-par-choix\/#primaryimage"},"thumbnailUrl":"https:\/\/cp-internal.joeyai.app\/wp-content\/uploads\/2026\/02\/ChoiceCares-banner.jpg","datePublished":"2026-01-25T15:49:51+00:00","dateModified":"2026-03-26T14:00:20+00:00","description":"ChoiceCares pr\u00e9sente les programmes communautaires, les initiatives caritatives et les actions en faveur de l'engagement social de Choice Properties.","breadcrumb":{"@id":"https:\/\/cp-playground.joeyai.app\/fr\/durabilite\/aider-par-choix\/#breadcrumb"},"inLanguage":"fr-FR","potentialAction":[{"@type":"ReadAction","target":["https:\/\/cp-playground.joeyai.app\/fr\/durabilite\/aider-par-choix\/"]}]},{"@type":"ImageObject","inLanguage":"fr-FR","@id":"https:\/\/cp-playground.joeyai.app\/fr\/durabilite\/aider-par-choix\/#primaryimage","url":"https:\/\/cp-internal.joeyai.app\/wp-content\/uploads\/2026\/02\/ChoiceCares-banner.jpg","contentUrl":"https:\/\/cp-internal.joeyai.app\/wp-content\/uploads\/2026\/02\/ChoiceCares-banner.jpg","width":1920,"height":720},{"@type":"BreadcrumbList","@id":"https:\/\/cp-playground.joeyai.app\/fr\/durabilite\/aider-par-choix\/#breadcrumb","itemListElement":[{"@type":"ListItem","position":1,"name":"Home","item":"https:\/\/cp-playground.joeyai.app\/fr\/"},{"@type":"ListItem","position":2,"name":"Durabilit\u00e9","item":"https:\/\/cp-playground.joeyai.app\/fr\/durabilite\/"},{"@type":"ListItem","position":3,"name":"Aider par Choix"}]},{"@type":"WebSite","@id":"https:\/\/cp-playground.joeyai.app\/#website","url":"https:\/\/cp-playground.joeyai.app\/","name":"Propri\u00e9t\u00e9s DeChoix","description":"","potentialAction":[{"@type":"SearchAction","target":{"@type":"EntryPoint","urlTemplate":"https:\/\/cp-playground.joeyai.app\/?s={search_term_string}"},"query-input":{"@type":"PropertyValueSpecification","valueRequired":true,"valueName":"search_term_string"}}],"inLanguage":"fr-FR"}]}},"_links":{"self":[{"href":"https:\/\/cp-internal.joeyai.app\/fr\/wp-json\/wp\/v2\/pages\/20153","targetHints":{"allow":["GET"]}}],"collection":[{"href":"https:\/\/cp-internal.joeyai.app\/fr\/wp-json\/wp\/v2\/pages"}],"about":[{"href":"https:\/\/cp-internal.joeyai.app\/fr\/wp-json\/wp\/v2\/types\/page"}],"author":[{"embeddable":true,"href":"https:\/\/cp-internal.joeyai.app\/fr\/wp-json\/wp\/v2\/users\/1"}],"replies":[{"embeddable":true,"href":"https:\/\/cp-internal.joeyai.app\/fr\/wp-json\/wp\/v2\/comments?post=20153"}],"version-history":[{"count":6,"href":"https:\/\/cp-internal.joeyai.app\/fr\/wp-json\/wp\/v2\/pages\/20153\/revisions"}],"predecessor-version":[{"id":20902,"href":"https:\/\/cp-internal.joeyai.app\/fr\/wp-json\/wp\/v2\/pages\/20153\/revisions\/20902"}],"up":[{"embeddable":true,"href":"https:\/\/cp-internal.joeyai.app\/fr\/wp-json\/wp\/v2\/pages\/20159"}],"wp:featuredmedia":[{"embeddable":true,"href":"https:\/\/cp-internal.joeyai.app\/fr\/wp-json\/wp\/v2\/media\/20155"}],"wp:attachment":[{"href":"https:\/\/cp-internal.joeyai.app\/fr\/wp-json\/wp\/v2\/media?parent=20153"}],"curies":[{"name":"wp","href":"https:\/\/api.w.org\/{rel}","templated":true}]}}