{"id":20147,"date":"2026-01-29T10:37:26","date_gmt":"2026-01-29T15:37:26","guid":{"rendered":"https:\/\/cp-internal.joeyai.app\/choice-customer-connection\/"},"modified":"2026-03-26T10:02:23","modified_gmt":"2026-03-26T14:02:23","slug":"connexion-client-de-choix","status":"publish","type":"page","link":"https:\/\/cp-internal.joeyai.app\/fr\/connexion-client-de-choix\/","title":{"rendered":"C3: Connexion client de Choix"},"content":{"rendered":"<div class=\"wp-bootstrap-blocks-container container mb-0\">\n\t\n\n<h1 class=\"wp-block-heading title-header\">Connexion client de Choix<\/h1>\n\n<\/div>\n\n\n<div class=\"wp-bootstrap-blocks-container container mb-0\">\n\t\n\n<ul class=\"wp-block-list page-links\">\n<li class=\"\"><a href=\"#overview\">Aper\u00e7u<\/a><\/li>\n\n\n\n<li class=\"\"><a href=\"#support\">Soutien<\/a><\/li>\n\n\n\n<li class=\"\"><a href=\"https:\/\/ng1.angus.mrisoftware.com\/Tenant\/Choice\/Customercare\/Default.aspx?Language=en-us\" target=\"_blank\" rel=\"noreferrer noopener\">Connexion<\/a><\/li>\n<\/ul>\n\n<\/div>\n\n\n<div class=\"wp-bootstrap-blocks-container container mb-2 no-pad-mobile pt-5\">\n\t\n\n<div class=\"wp-block-media-text is-stacked-on-mobile media-direction-left\" id=\"overview\"><figure class=\"wp-block-media-text__media\"><img loading=\"lazy\" decoding=\"async\" width=\"1024\" height=\"576\" src=\"https:\/\/cp-internal.joeyai.app\/wp-content\/uploads\/2026\/01\/c3-inner-1024x576.jpg\" alt=\"\" class=\"wp-image-18109 size-full\" srcset=\"https:\/\/cp-internal.joeyai.app\/wp-content\/uploads\/2026\/01\/c3-inner-1024x576.jpg 1024w, https:\/\/cp-internal.joeyai.app\/wp-content\/uploads\/2026\/01\/c3-inner-300x169.jpg 300w, https:\/\/cp-internal.joeyai.app\/wp-content\/uploads\/2026\/01\/c3-inner-768x432.jpg 768w, https:\/\/cp-internal.joeyai.app\/wp-content\/uploads\/2026\/01\/c3-inner.jpg 1280w\" sizes=\"auto, (max-width: 1024px) 100vw, 1024px\" \/><\/figure><div class=\"wp-block-media-text__content\">\n<h3 class=\"wp-block-heading has-large-font-size\">Connection<br>Client de<br>Choix<\/h3>\n\n\n\n<p class=\"\">Chez Propri\u00e9t\u00e9s de Choix, nous nous engageons \u00e0 offrir \u00e0 nos clients un service hors pair. Nous consacrons beaucoup d\u2019efforts \u00e0 am\u00e9liorer continuellement notre programme de services aux locataires et sommes ravis de vous pr\u00e9senter Connexion Client de Choix. Nous rejoindre sera plus facile que jamais.<\/p>\n\n\n\n<div class=\"wp-block-buttons mt-5 is-layout-flex wp-block-buttons-is-layout-flex\">\n<div class=\"wp-block-button alt\"><a class=\"wp-block-button__link wp-element-button\" href=\"https:\/\/ng1.angus.mrisoftware.com\/Tenant\/Choice\/Customercare\/Default.aspx?Language=fr-ca\" target=\"_blank\" rel=\"noreferrer noopener\">Connexion C3<\/a><\/div>\n<\/div>\n<\/div><\/div>\n\n<\/div>\n\n\n<div class=\"wp-bootstrap-blocks-container container mb-2 no-pad-mobile\">\n\t\n<div class=\"wp-bootstrap-blocks-row row pt-3 g-5\">\n\t\n\n<div class=\"col-12 col-md-6\">\n\t\t\t\n\n<figure class=\"wp-block-image size-full\" id=\"support\"><img loading=\"lazy\" decoding=\"async\" width=\"800\" height=\"600\" src=\"https:\/\/cp-internal.joeyai.app\/wp-content\/uploads\/2026\/01\/c3-contact.jpg\" alt=\"\" class=\"wp-image-18110\" srcset=\"https:\/\/cp-internal.joeyai.app\/wp-content\/uploads\/2026\/01\/c3-contact.jpg 800w, https:\/\/cp-internal.joeyai.app\/wp-content\/uploads\/2026\/01\/c3-contact-300x225.jpg 300w, https:\/\/cp-internal.joeyai.app\/wp-content\/uploads\/2026\/01\/c3-contact-768x576.jpg 768w\" sizes=\"auto, (max-width: 800px) 100vw, 800px\" \/><\/figure>\n\n\n<div class=\"wp-bootstrap-blocks-row row image-caption green\">\n\t\n\n<div class=\"col-12 col-md-12\">\n\t\t\t\n\n<h3 class=\"wp-block-heading\">Nous joindre<\/h3>\n\n\t<\/div>\n\n\n\n<div class=\"col-12 col-md-12 col-lg-12\">\n\t\t\t\n\n<p class=\"\">Notre ligne t\u00e9l\u00e9phonique 24&nbsp;heures sur 24 est l\u00e0 pour soutenir les besoins de service aux locataires et de gestion immobili\u00e8re. Appelez le 1&nbsp;833&nbsp;5.CALLC3 \u00e0 tout moment pour obtenir de l\u2019aide.<\/p>\n\n\t<\/div>\n\n\n\n<div class=\"col-12 col-md-12 col-lg-12\">\n\t\t\t\n\n<div class=\"wp-block-buttons mt-3 is-layout-flex wp-block-buttons-is-layout-flex\">\n<div class=\"wp-block-button alt\"><a class=\"wp-block-button__link wp-element-button\" href=\"tel:1.833.522.5523\">1.833.522.5523<\/a><\/div>\n<\/div>\n\n\t<\/div>\n\n<\/div>\n\n\t<\/div>\n\n\n\n<div class=\"col-12 col-md-6\">\n\t\t\t\n\n<figure class=\"wp-block-image size-full\"><img loading=\"lazy\" decoding=\"async\" width=\"800\" height=\"600\" src=\"https:\/\/cp-internal.joeyai.app\/wp-content\/uploads\/2026\/01\/c3-customer-resource.jpg\" alt=\"\" class=\"wp-image-18111\" srcset=\"https:\/\/cp-internal.joeyai.app\/wp-content\/uploads\/2026\/01\/c3-customer-resource.jpg 800w, https:\/\/cp-internal.joeyai.app\/wp-content\/uploads\/2026\/01\/c3-customer-resource-300x225.jpg 300w, https:\/\/cp-internal.joeyai.app\/wp-content\/uploads\/2026\/01\/c3-customer-resource-768x576.jpg 768w\" sizes=\"auto, (max-width: 800px) 100vw, 800px\" \/><\/figure>\n\n\n<div class=\"wp-bootstrap-blocks-row row image-caption purple\">\n\t\n\n<div class=\"col-12 col-md-12\">\n\t\t\t\n\n<h3 class=\"wp-block-heading\">Ressources pour les clients<\/h3>\n\n\t<\/div>\n\n\n\n<div class=\"col-12 col-md-12 col-lg-12\">\n\t\t\t\n\n<p class=\"\">Nos ressources pour les clients offrent des outils utiles et des conseils pour faciliter la gestion des comptes, la demande de services et la recherche de r\u00e9ponses au besoin.<\/p>\n\n\n\n<hr class=\"wp-block-separator has-alpha-channel-opacity mt-5\"\/>\n\n\t<\/div>\n\n\n\n<div class=\"col-12 col-sm-6\">\n\t\t\t\n\n<p class=\"link-bold\"><a href=\"https:\/\/cp-internal.joeyai.app\/wp-content\/uploads\/2026\/01\/C3-Portal-Quick-User-Guide-English-1_AODA.pdf\" target=\"_blank\" rel=\"noreferrer noopener\">T\u00e9l\u00e9charger<\/a><\/p>\n\n\t<\/div>\n\n\n\n<div class=\"col-12 col-sm-6 text-start text-sm-end\">\n\t\t\t\n\n<p class=\"text- has-text-color has-link-color wp-elements-8070012c6fef27b1274396ea5b8e06a3\" style=\"color:#545659\"><strong><a href=\"https:\/\/cp-internal.joeyai.app\/wp-content\/uploads\/2026\/03\/C3-Portal-Quick-User-Guide-French-AODA.pdf\" target=\"_blank\" rel=\"noreferrer noopener\">Guide rapide de l\u2019utilisation du portail C3<\/a><\/strong><\/p>\n\n\t<\/div>\n\n<\/div>\n\n\t<\/div>\n\n<\/div>\n\n<\/div>\n\n\n\n<p class=\"\"><\/p>\n","protected":false},"excerpt":{"rendered":"","protected":false},"author":1,"featured_media":20149,"parent":0,"menu_order":0,"comment_status":"closed","ping_status":"closed","template":"","meta":{"_oasis_is_in_workflow":0,"_oasis_original":0,"footnotes":""},"class_list":["post-20147","page","type-page","status-publish","has-post-thumbnail","hentry"],"yoast_head":"<!-- This site is optimized with the Yoast SEO plugin v27.2 - https:\/\/yoast.com\/product\/yoast-seo-wordpress\/ -->\r\n<title>C3: Connexion client de Choix - Propri\u00e9t\u00e9s DeChoix<\/title>\r\n<meta name=\"description\" content=\"C3 renforce l&#039;engagement des locataires gr\u00e2ce \u00e0 des services et \u00e0 un accompagnement qui am\u00e9liorent l&#039;exp\u00e9rience client.\" \/>\r\n<meta name=\"robots\" content=\"noindex, follow, max-snippet:-1, max-image-preview:large, max-video-preview:-1\" \/>\r\n<meta property=\"og:locale\" content=\"fr_FR\" \/>\r\n<meta property=\"og:type\" content=\"article\" \/>\r\n<meta property=\"og:title\" content=\"C3: Connexion client de Choix - Propri\u00e9t\u00e9s DeChoix\" \/>\r\n<meta property=\"og:description\" content=\"C3 renforce l&#039;engagement des locataires gr\u00e2ce \u00e0 des services et \u00e0 un accompagnement qui am\u00e9liorent l&#039;exp\u00e9rience client.\" \/>\r\n<meta property=\"og:url\" content=\"https:\/\/cp-playground.joeyai.app\/fr\/connexion-client-de-choix\/\" \/>\r\n<meta property=\"og:site_name\" content=\"Propri\u00e9t\u00e9s DeChoix\" \/>\r\n<meta property=\"article:modified_time\" content=\"2026-03-26T14:02:23+00:00\" \/>\r\n<meta property=\"og:image\" content=\"https:\/\/cp-playground.joeyai.app\/wp-content\/uploads\/2026\/03\/c3-banner.jpg\" \/>\r\n\t<meta property=\"og:image:width\" content=\"1920\" \/>\r\n\t<meta property=\"og:image:height\" content=\"720\" \/>\r\n\t<meta property=\"og:image:type\" content=\"image\/jpeg\" \/>\r\n<meta name=\"twitter:card\" content=\"summary_large_image\" \/>\r\n<meta name=\"twitter:label1\" content=\"Dur\u00e9e de lecture estim\u00e9e\" \/>\n\t<meta name=\"twitter:data1\" content=\"1 minute\" \/>\r\n<script type=\"application\/ld+json\" class=\"yoast-schema-graph\">{\"@context\":\"https:\/\/schema.org\",\"@graph\":[{\"@type\":\"WebPage\",\"@id\":\"https:\/\/cp-playground.joeyai.app\/fr\/connexion-client-de-choix\/\",\"url\":\"https:\/\/cp-playground.joeyai.app\/fr\/connexion-client-de-choix\/\",\"name\":\"C3: Connexion client de Choix - Propri\u00e9t\u00e9s DeChoix\",\"isPartOf\":{\"@id\":\"https:\/\/cp-playground.joeyai.app\/#website\"},\"primaryImageOfPage\":{\"@id\":\"https:\/\/cp-playground.joeyai.app\/fr\/connexion-client-de-choix\/#primaryimage\"},\"image\":{\"@id\":\"https:\/\/cp-playground.joeyai.app\/fr\/connexion-client-de-choix\/#primaryimage\"},\"thumbnailUrl\":\"https:\/\/cp-internal.joeyai.app\/wp-content\/uploads\/2026\/03\/c3-banner.jpg\",\"datePublished\":\"2026-01-29T15:37:26+00:00\",\"dateModified\":\"2026-03-26T14:02:23+00:00\",\"description\":\"C3 renforce l'engagement des locataires gr\u00e2ce \u00e0 des services et \u00e0 un accompagnement qui am\u00e9liorent l'exp\u00e9rience client.\",\"breadcrumb\":{\"@id\":\"https:\/\/cp-playground.joeyai.app\/fr\/connexion-client-de-choix\/#breadcrumb\"},\"inLanguage\":\"fr-FR\",\"potentialAction\":[{\"@type\":\"ReadAction\",\"target\":[\"https:\/\/cp-playground.joeyai.app\/fr\/connexion-client-de-choix\/\"]}]},{\"@type\":\"ImageObject\",\"inLanguage\":\"fr-FR\",\"@id\":\"https:\/\/cp-playground.joeyai.app\/fr\/connexion-client-de-choix\/#primaryimage\",\"url\":\"https:\/\/cp-internal.joeyai.app\/wp-content\/uploads\/2026\/03\/c3-banner.jpg\",\"contentUrl\":\"https:\/\/cp-internal.joeyai.app\/wp-content\/uploads\/2026\/03\/c3-banner.jpg\",\"width\":1920,\"height\":720},{\"@type\":\"BreadcrumbList\",\"@id\":\"https:\/\/cp-playground.joeyai.app\/fr\/connexion-client-de-choix\/#breadcrumb\",\"itemListElement\":[{\"@type\":\"ListItem\",\"position\":1,\"name\":\"Home\",\"item\":\"https:\/\/cp-playground.joeyai.app\/fr\/\"},{\"@type\":\"ListItem\",\"position\":2,\"name\":\"C3: Connexion client de Choix\"}]},{\"@type\":\"WebSite\",\"@id\":\"https:\/\/cp-playground.joeyai.app\/#website\",\"url\":\"https:\/\/cp-playground.joeyai.app\/\",\"name\":\"Propri\u00e9t\u00e9s DeChoix\",\"description\":\"\",\"potentialAction\":[{\"@type\":\"SearchAction\",\"target\":{\"@type\":\"EntryPoint\",\"urlTemplate\":\"https:\/\/cp-playground.joeyai.app\/?s={search_term_string}\"},\"query-input\":{\"@type\":\"PropertyValueSpecification\",\"valueRequired\":true,\"valueName\":\"search_term_string\"}}],\"inLanguage\":\"fr-FR\"}]}<\/script>\r\n<!-- \/ Yoast SEO plugin. -->","yoast_head_json":{"title":"C3: Connexion client de Choix - Propri\u00e9t\u00e9s DeChoix","description":"C3 renforce l'engagement des locataires gr\u00e2ce \u00e0 des services et \u00e0 un accompagnement qui am\u00e9liorent l'exp\u00e9rience client.","robots":{"index":"noindex","follow":"follow","max-snippet":"max-snippet:-1","max-image-preview":"max-image-preview:large","max-video-preview":"max-video-preview:-1"},"og_locale":"fr_FR","og_type":"article","og_title":"C3: Connexion client de Choix - Propri\u00e9t\u00e9s DeChoix","og_description":"C3 renforce l'engagement des locataires gr\u00e2ce \u00e0 des services et \u00e0 un accompagnement qui am\u00e9liorent l'exp\u00e9rience client.","og_url":"https:\/\/cp-playground.joeyai.app\/fr\/connexion-client-de-choix\/","og_site_name":"Propri\u00e9t\u00e9s DeChoix","article_modified_time":"2026-03-26T14:02:23+00:00","og_image":[{"width":1920,"height":720,"url":"https:\/\/cp-playground.joeyai.app\/wp-content\/uploads\/2026\/03\/c3-banner.jpg","type":"image\/jpeg"}],"twitter_card":"summary_large_image","twitter_misc":{"Dur\u00e9e de lecture estim\u00e9e":"1 minute"},"schema":{"@context":"https:\/\/schema.org","@graph":[{"@type":"WebPage","@id":"https:\/\/cp-playground.joeyai.app\/fr\/connexion-client-de-choix\/","url":"https:\/\/cp-playground.joeyai.app\/fr\/connexion-client-de-choix\/","name":"C3: Connexion client de Choix - Propri\u00e9t\u00e9s DeChoix","isPartOf":{"@id":"https:\/\/cp-playground.joeyai.app\/#website"},"primaryImageOfPage":{"@id":"https:\/\/cp-playground.joeyai.app\/fr\/connexion-client-de-choix\/#primaryimage"},"image":{"@id":"https:\/\/cp-playground.joeyai.app\/fr\/connexion-client-de-choix\/#primaryimage"},"thumbnailUrl":"https:\/\/cp-internal.joeyai.app\/wp-content\/uploads\/2026\/03\/c3-banner.jpg","datePublished":"2026-01-29T15:37:26+00:00","dateModified":"2026-03-26T14:02:23+00:00","description":"C3 renforce l'engagement des locataires gr\u00e2ce \u00e0 des services et \u00e0 un accompagnement qui am\u00e9liorent l'exp\u00e9rience client.","breadcrumb":{"@id":"https:\/\/cp-playground.joeyai.app\/fr\/connexion-client-de-choix\/#breadcrumb"},"inLanguage":"fr-FR","potentialAction":[{"@type":"ReadAction","target":["https:\/\/cp-playground.joeyai.app\/fr\/connexion-client-de-choix\/"]}]},{"@type":"ImageObject","inLanguage":"fr-FR","@id":"https:\/\/cp-playground.joeyai.app\/fr\/connexion-client-de-choix\/#primaryimage","url":"https:\/\/cp-internal.joeyai.app\/wp-content\/uploads\/2026\/03\/c3-banner.jpg","contentUrl":"https:\/\/cp-internal.joeyai.app\/wp-content\/uploads\/2026\/03\/c3-banner.jpg","width":1920,"height":720},{"@type":"BreadcrumbList","@id":"https:\/\/cp-playground.joeyai.app\/fr\/connexion-client-de-choix\/#breadcrumb","itemListElement":[{"@type":"ListItem","position":1,"name":"Home","item":"https:\/\/cp-playground.joeyai.app\/fr\/"},{"@type":"ListItem","position":2,"name":"C3: Connexion client de Choix"}]},{"@type":"WebSite","@id":"https:\/\/cp-playground.joeyai.app\/#website","url":"https:\/\/cp-playground.joeyai.app\/","name":"Propri\u00e9t\u00e9s DeChoix","description":"","potentialAction":[{"@type":"SearchAction","target":{"@type":"EntryPoint","urlTemplate":"https:\/\/cp-playground.joeyai.app\/?s={search_term_string}"},"query-input":{"@type":"PropertyValueSpecification","valueRequired":true,"valueName":"search_term_string"}}],"inLanguage":"fr-FR"}]}},"_links":{"self":[{"href":"https:\/\/cp-internal.joeyai.app\/fr\/wp-json\/wp\/v2\/pages\/20147","targetHints":{"allow":["GET"]}}],"collection":[{"href":"https:\/\/cp-internal.joeyai.app\/fr\/wp-json\/wp\/v2\/pages"}],"about":[{"href":"https:\/\/cp-internal.joeyai.app\/fr\/wp-json\/wp\/v2\/types\/page"}],"author":[{"embeddable":true,"href":"https:\/\/cp-internal.joeyai.app\/fr\/wp-json\/wp\/v2\/users\/1"}],"replies":[{"embeddable":true,"href":"https:\/\/cp-internal.joeyai.app\/fr\/wp-json\/wp\/v2\/comments?post=20147"}],"version-history":[{"count":3,"href":"https:\/\/cp-internal.joeyai.app\/fr\/wp-json\/wp\/v2\/pages\/20147\/revisions"}],"predecessor-version":[{"id":21157,"href":"https:\/\/cp-internal.joeyai.app\/fr\/wp-json\/wp\/v2\/pages\/20147\/revisions\/21157"}],"wp:featuredmedia":[{"embeddable":true,"href":"https:\/\/cp-internal.joeyai.app\/fr\/wp-json\/wp\/v2\/media\/20149"}],"wp:attachment":[{"href":"https:\/\/cp-internal.joeyai.app\/fr\/wp-json\/wp\/v2\/media?parent=20147"}],"curies":[{"name":"wp","href":"https:\/\/api.w.org\/{rel}","templated":true}]}}